{"id":42,"date":"2010-07-08T13:24:45","date_gmt":"2010-07-08T16:24:45","guid":{"rendered":"http:\/\/66.7.198.76\/~navetier\/?page_id=42"},"modified":"2019-06-24T15:55:37","modified_gmt":"2019-06-24T18:55:37","slug":"asdf","status":"publish","type":"page","link":"http:\/\/www.navetierramdq.com.ar\/?page_id=42","title":{"rendered":"Downloads (Libre y gratuito)"},"content":{"rendered":"<h1>Downloads<\/h1>\n<p><span style=\"font-size: x-small;\">Algunos archivos que pueden ser de tu inter\u00e9s.<\/span><\/p>\n<p><strong>Bit\u00e1cora de la NaveElefanta, construcci\u00f3n de la Earthship de Ushuaia<\/strong><\/p>\n<p>En Enero del 2014 se hizo presente en el extremo sur del continente americano Michael Reynolds y su equipo para liderar la construccion de una Earthship, junto con unas 70 personas llegadas de muchos lados del mundo convirtieron un pedazo de planeta y un monton de materiales en una construccion autosustentable. El relato de Juan Bachi Pilotta del dia a dia.<\/p>\n<p><a href=\"http:\/\/www.navetierramdq.com.ar\/wp-content\/uploads\/dibujo-nave-elefanta.jpg\"><img loading=\"lazy\" decoding=\"async\" class=\"aligncenter size-medium wp-image-1063\" title=\"dibujo nave elefanta\" src=\"http:\/\/www.navetierramdq.com.ar\/wp-content\/uploads\/dibujo-nave-elefanta-300x140.jpg\" alt=\"\" width=\"300\" height=\"140\" srcset=\"http:\/\/www.navetierramdq.com.ar\/wp-content\/uploads\/dibujo-nave-elefanta-300x140.jpg 300w, http:\/\/www.navetierramdq.com.ar\/wp-content\/uploads\/dibujo-nave-elefanta.jpg 960w\" sizes=\"auto, (max-width: 300px) 100vw, 300px\" \/><\/a><\/p>\n<li><a rel=\"nofollow\" href=\"..\/..\/%7Enavetier\/wp-content\/uploads\/Nave Elefanta Ushuaia 2014.pdf\" target=\"_blank\">Bit\u00e1cora de la NaveElefanta<img loading=\"lazy\" decoding=\"async\" src=\"http:\/\/www.navetierramdq.com.ar\/wp-content\/uploads\/nuevo1.gif\" alt=\"\" width=\"25\" height=\"17\" \/> <\/a><\/li>\n<p><a title=\"Bit\u00e1cora de la NaveElefanta\"><\/a><\/p>\n<p><strong>Audios del Earthship <strong>Biotecture <\/strong>Academy de Ushuaia &#8211; Enero 2014 (Ingles)<\/strong><\/p>\n<p>Gracias a Eli Tedesco que se tom\u00f3 el trabajo de grabar todas las clases y tuvo la generosidad de compartirlos!! Est\u00e1n en ingl\u00e9s (hay solo algunas partes traducidas al castellano). En el nombre del archivo informa la tem\u00e1tica que trata. Que los aprovechen!<\/p>\n<p><a title=\"Audios Earthship Biotecture Academy\" href=\"https:\/\/mega.co.nz\/#F!dUpTTRjB!lpuM649RNFAeHzJ4X-h-QA\" target=\"_blank\">https:\/\/mega.co.nz\/#F!dUpTTRjB!lpuM649RNFAeHzJ4X-h-QA<\/a><\/p>\n<p><strong>Libros EarthShips en Castellano<\/strong><\/p>\n<p>Gracias traductores voluntarios! De a poco iremos agregando m\u00e1s capitulos, si queres ser parte del equipo de traducci\u00f3n o realizar correcciones o sugerencias no dudes en escribirnos a <a onmouseover=\"this.href=xyz('info','navetierramdq','com.ar');\">info(arroba)navetierramdq.com.ar<\/a>.<\/p>\n<p><span style=\"font-size: x-small;\"><strong>Libros completos:<\/strong><\/span><\/p>\n<ul>\n<li><a rel=\"nofollow\" href=\"..\/..\/%7Enavetier\/wp-content\/uploads\/traducciones\/completos\/NaveTierra V1-ES PARTE1-2 R01.pdf\" target=\"_blank\">Volumen 1 parte 1<img loading=\"lazy\" decoding=\"async\" src=\"http:\/\/www.navetierramdq.com.ar\/wp-content\/uploads\/nuevo1.gif\" alt=\"\" width=\"25\" height=\"17\" \/> <\/a><\/li>\n<li><a rel=\"nofollow\" href=\"..\/..\/%7Enavetier\/wp-content\/uploads\/traducciones\/completos\/NaveTierra V1-ES PARTE2-2 R01.pdf\" target=\"_blank\">Volumen 1 parte 2<img loading=\"lazy\" decoding=\"async\" src=\"http:\/\/www.navetierramdq.com.ar\/wp-content\/uploads\/nuevo1.gif\" alt=\"\" width=\"25\" height=\"17\" \/> <\/a><\/li>\n<li><a rel=\"nofollow\" href=\"..\/..\/%7Enavetier\/wp-content\/uploads\/traducciones\/completos\/NaveTierra V2-ES PARTE1-2 R01.pdf\" target=\"_blank\">Volumen 2 parte 1<img loading=\"lazy\" decoding=\"async\" src=\"http:\/\/www.navetierramdq.com.ar\/wp-content\/uploads\/nuevo1.gif\" alt=\"\" width=\"25\" height=\"17\" \/> <\/a><\/li>\n<li><a rel=\"nofollow\" href=\"..\/..\/%7Enavetier\/wp-content\/uploads\/traducciones\/completos\/NaveTierra V2-ES PARTE2-2 R01.pdf\" target=\"_blank\">Volumen 2 parte 2<img loading=\"lazy\" decoding=\"async\" src=\"http:\/\/www.navetierramdq.com.ar\/wp-content\/uploads\/nuevo1.gif\" alt=\"\" width=\"25\" height=\"17\" \/> <\/a><\/li>\n<li><a rel=\"nofollow\" href=\"..\/..\/%7Enavetier\/wp-content\/uploads\/traducciones\/completos\/NaveTierra V3-ES PARTE1-2 R01.pdf\" target=\"_blank\">Volumen 3 parte 1<img loading=\"lazy\" decoding=\"async\" src=\"http:\/\/www.navetierramdq.com.ar\/wp-content\/uploads\/nuevo1.gif\" alt=\"\" width=\"25\" height=\"17\" \/> <\/a><\/li>\n<li><a rel=\"nofollow\" href=\"..\/..\/%7Enavetier\/wp-content\/uploads\/traducciones\/completos\/NaveTierra V3-ES PARTE2-2 R01.pdf\" target=\"_blank\">Volumen 3 parte 2<img loading=\"lazy\" decoding=\"async\" src=\"http:\/\/www.navetierramdq.com.ar\/wp-content\/uploads\/nuevo1.gif\" alt=\"\" width=\"25\" height=\"17\" \/> <\/a><\/li>\n<\/ul>\n<p><span style=\"font-size: x-small;\"><strong>Libros por cap\u00edtulos:<\/strong><\/span><\/p>\n<ul>\n<li><a rel=\"nofollow\" href=\"..\/..\/%7Enavetier\/wp-content\/uploads\/traducciones\/TapaMF.jpg\" target=\"_blank\">Tapa libro en castellano. Gracias Marce! <\/a><\/li>\n<li><a rel=\"nofollow\" href=\"..\/..\/%7Enavetier\/wp-content\/uploads\/traducciones\/ContratapaMF.jpg\" target=\"_blank\">Contratapa libro en castellano.<\/a><\/li>\n<li><a rel=\"nofollow\" href=\"..\/..\/%7Enavetier\/wp-content\/uploads\/traducciones\/NaveTierra V1-ES-C0-C1 R04.pdf\" target=\"_blank\">Navetierra vol 1 cap 0 y 1<\/a><\/li>\n<li><a rel=\"nofollow\" href=\"..\/..\/%7Enavetier\/wp-content\/uploads\/traducciones\/NaveTierra V1-ES-C2 R01.pdf\" target=\"_blank\">Navetierra vol 1 cap 2<br \/>\n<\/a><\/li>\n<li><a rel=\"nofollow\" href=\"..\/..\/%7Enavetier\/wp-content\/uploads\/traducciones\/NaveTierra V1-ES-C3 R01.pdf\" target=\"_blank\">Navetierra vol 1 cap 3<br \/>\n<\/a><\/li>\n<li><a rel=\"nofollow\" href=\"..\/%7Enavetier\/wp-content\/uploads\/traducciones\/NaveTierra V1-ES-C4 R02.pdf\" target=\"_blank\">Navetierra vol 1 cap 4<br \/>\n<\/a><\/li>\n<li><a rel=\"nofollow\" href=\"..\/..\/%7Enavetier\/wp-content\/uploads\/traducciones\/NaveTierra V1-ES-C5 R02.pdf\" target=\"_blank\">Navetierra vol 1 cap 5<\/a><\/li>\n<li><a rel=\"nofollow\" href=\"..\/%7Enavetier\/wp-content\/uploads\/traducciones\/NaveTierra V1-ES-C6 R02.pdf\" target=\"_blank\">Navetierra vol 1 cap 6<\/a><\/li>\n<li><a rel=\"nofollow\" href=\"..\/..\/%7Enavetier\/wp-content\/uploads\/traducciones\/NaveTierra V1-ES-C7 R02.pdf\" target=\"_blank\">Navetierra vol 1 cap 7<\/a><\/li>\n<li><a rel=\"nofollow\" href=\"..\/%7Enavetier\/wp-content\/uploads\/traducciones\/NaveTierra V1-ES-C8 R02.pdf\" target=\"_blank\">Navetierra vol 1 cap 8<\/a><\/li>\n<li><a rel=\"nofollow\" href=\"..\/..\/%7Enavetier\/wp-content\/uploads\/traducciones\/NaveTierra V1-ES-C9 R02.pdf\" target=\"_blank\">Navetierra vol 1 cap 9<\/a><\/li>\n<li><a rel=\"nofollow\" href=\"..\/..\/%7Enavetier\/wp-content\/uploads\/traducciones\/NaveTierra V1-ES-C10 R02.pdf\" target=\"_blank\">Navetierra vol 1 cap 10<\/a><\/li>\n<li><a rel=\"nofollow\" href=\"..\/..\/%7Enavetier\/wp-content\/uploads\/traducciones\/NaveTierra V1-ES-C11 R02.pdf\" target=\"_blank\">Navetierra vol 1 cap 11<\/a><\/li>\n<\/ul>\n<ul>\n<li><a rel=\"nofollow\" href=\"..\/..\/%7Enavetier\/wp-content\/uploads\/traducciones\/NaveTierra V2-C0-ES R04.pdf\" target=\"_blank\">Navetierra vol 2 cap 0<\/a><\/li>\n<li><a rel=\"nofollow\" href=\"..\/..\/%7Enavetier\/wp-content\/uploads\/traducciones\/NaveTierra V2-C1-ES R02.pdf\" target=\"_blank\">Navetierra vol 2 cap 1<\/a><\/li>\n<li><a rel=\"nofollow\" href=\"..\/..\/%7Enavetier\/wp-content\/uploads\/traducciones\/NaveTierra V2-C2-ES R01.pdf\" target=\"_blank\">Navetierra vol 2 cap 2<\/a><\/li>\n<li><a rel=\"nofollow\" href=\"..\/..\/%7Enavetier\/wp-content\/uploads\/traducciones\/NaveTierra V2-C3-ES R01.pdf\" target=\"_blank\">Navetierra vol 2 cap 3<\/a><\/li>\n<li><a rel=\"nofollow\" href=\"..\/..\/%7Enavetier\/wp-content\/uploads\/traducciones\/NaveTierra V2-C4-ES R01.pdf\" target=\"_blank\">Navetierra vol 2 cap 4<\/a><\/li>\n<li><a rel=\"nofollow\" href=\"..\/..\/%7Enavetier\/wp-content\/uploads\/traducciones\/NaveTierra V2-C5-ES R01.pdf\" target=\"_blank\">Navetierra vol 2 cap 5<\/a><\/li>\n<li><a rel=\"nofollow\" href=\"..\/..\/%7Enavetier\/wp-content\/uploads\/traducciones\/NaveTierra V2-C6-ES R01.pdf\" target=\"_blank\">Navetierra vol 2 cap 6<\/a><\/li>\n<li><a rel=\"nofollow\" href=\"..\/..\/%7Enavetier\/wp-content\/uploads\/traducciones\/NaveTierra V2-C7-ES R01.pdf\" target=\"_blank\">Navetierra vol 2 cap 7<\/a><\/li>\n<li><a rel=\"nofollow\" href=\"..\/..\/%7Enavetier\/wp-content\/uploads\/traducciones\/NaveTierra V2-C8-ES R01.pdf\" target=\"_blank\">Navetierra vol 2 cap 8<\/a><\/li>\n<li><a rel=\"nofollow\" href=\"..\/..\/%7Enavetier\/wp-content\/uploads\/traducciones\/NaveTierra V2-C9-ES.pdf\" target=\"_blank\">Navetierra vol 2 cap 9<\/a><\/li>\n<li><a rel=\"nofollow\" href=\"..\/..\/%7Enavetier\/wp-content\/uploads\/traducciones\/NaveTierra V2-C10-ES R01.pdf\" target=\"_blank\">Navetierra vol 2 cap 10<\/a><\/li>\n<li><a rel=\"nofollow\" href=\"..\/..\/%7Enavetier\/wp-content\/uploads\/traducciones\/NaveTierra V2-C11-ES R01.pdf\" target=\"_blank\">Navetierra vol 2 cap 11<\/a><\/li>\n<li><a rel=\"nofollow\" href=\"..\/..\/%7Enavetier\/wp-content\/uploads\/traducciones\/NaveTierra V2-C12-ES.pdf\" target=\"_blank\">Navetierra vol 2 cap 12<\/a><\/li>\n<li><a rel=\"nofollow\" href=\"..\/..\/%7Enavetier\/wp-content\/uploads\/traducciones\/NaveTierra V2-C13-ES R01.pdf\" target=\"_blank\">Navetierra vol 2 cap 13<\/a><\/li>\n<\/ul>\n<ul>\n<li><a rel=\"nofollow\" href=\"..\/..\/%7Enavetier\/wp-content\/uploads\/traducciones\/NaveTierra V3-C0-ES R02.pdf\" target=\"_blank\">Navetierra vol 3 cap 0<\/a><\/li>\n<li><a rel=\"nofollow\" href=\"..\/..\/%7Enavetier\/wp-content\/uploads\/traducciones\/NaveTierra V3-C1-ES R01.pdf\" target=\"_blank\">Navetierra vol 3 cap 1<\/a><\/li>\n<li><a rel=\"nofollow\" href=\"..\/..\/%7Enavetier\/wp-content\/uploads\/traducciones\/NaveTierra V3-C2-ES R01.pdf\" target=\"_blank\">Navetierra vol 3 cap 2<\/a><\/li>\n<li><a rel=\"nofollow\" href=\"..\/..\/%7Enavetier\/wp-content\/uploads\/traducciones\/NaveTierra V3-C3-ES.pdf\" target=\"_blank\">Navetierra vol 3 cap 3 <\/a><\/li>\n<li><a rel=\"nofollow\" href=\"..\/..\/%7Enavetier\/wp-content\/uploads\/traducciones\/NaveTierra V3-C4-ES.pdf\" target=\"_blank\">Navetierra vol 3 cap 4 <\/a><\/li>\n<li><a rel=\"nofollow\" href=\"..\/..\/%7Enavetier\/wp-content\/uploads\/traducciones\/NaveTierra V3-C5-ES.pdf\" target=\"_blank\">Navetierra vol 3 cap 5 <\/a><\/li>\n<li><a rel=\"nofollow\" href=\"..\/..\/%7Enavetier\/wp-content\/uploads\/traducciones\/NaveTierra V3-C6-ES.pdf\" target=\"_blank\">Navetierra vol 3 cap 6 <\/a><\/li>\n<li><a rel=\"nofollow\" href=\"..\/..\/%7Enavetier\/wp-content\/uploads\/traducciones\/NaveTierra V3-C7-ES.pdf\" target=\"_blank\">Navetierra vol 3 cap 7 <\/a><\/li>\n<li><a rel=\"nofollow\" href=\"..\/..\/%7Enavetier\/wp-content\/uploads\/traducciones\/NaveTierra V3-C8-ES R01.pdf\" target=\"_blank\">Navetierra vol 3 cap 8 <\/a><\/li>\n<li><a rel=\"nofollow\" href=\"..\/..\/%7Enavetier\/wp-content\/uploads\/traducciones\/NaveTierra V3-C9-ES.pdf\" target=\"_blank\">Navetierra vol 3 cap 9 <\/a><\/li>\n<li><a rel=\"nofollow\" href=\"..\/..\/%7Enavetier\/wp-content\/uploads\/traducciones\/NaveTierra V3-C10-ES.pdf\" target=\"_blank\">Navetierra vol 3 cap 10<\/a><\/li>\n<li><a rel=\"nofollow\" href=\"..\/..\/%7Enavetier\/wp-content\/uploads\/traducciones\/NaveTierra V3-C11-ES.pdf\" target=\"_blank\">Navetierra vol 3 cap 11<\/a><\/li>\n<li><a rel=\"nofollow\" href=\"..\/..\/%7Enavetier\/wp-content\/uploads\/traducciones\/NaveTierra V3-C12-ES.pdf\" target=\"_blank\">Navetierra vol 3 cap 12<\/a><\/li>\n<li><a rel=\"nofollow\" href=\"..\/..\/%7Enavetier\/wp-content\/uploads\/traducciones\/NaveTierra V3-C13-ES.pdf\" target=\"_blank\">Navetierra vol 3 cap 13<\/a><\/li>\n<\/ul>\n<p><strong>Planos de NaveTierras<\/strong><\/p>\n<ul>\n<li><a rel=\"nofollow\" href=\"..\/..\/%7Enavetier\/wp-content\/uploads\/EarthShip_Plan_Option_Book.pdf\" target=\"_blank\">EarthShip Plan Option Book<\/a><br \/>\n<span style=\"font-size: x-small;\">Presenta los planos de las distintas opciones de EarthShips que ha desarrollado Biotecture.<\/span><\/li>\n<\/ul>\n<p><strong>Estudio sobre el uso de neum\u00e1ticos como ladrillos y su efecto sobre la salud.<\/strong><\/p>\n<ul>\n<li> <a rel=\"nofollow\" href=\"..\/..\/%7Enavetier\/wp-content\/uploads\/NaveTierraDoc-001-Emision de gases neumaticos R01.pdf\" target=\"_blank\"><strong> <\/strong>Estudio Neumaticos Ladrillos<img loading=\"lazy\" decoding=\"async\" src=\"http:\/\/www.navetierramdq.com.ar\/wp-content\/uploads\/nuevo1.gif\" alt=\"\" width=\"25\" height=\"17\" \/><\/a><\/li>\n<\/ul>\n<p><strong>Libros EarthShips<\/strong><\/p>\n<ul>\n<li><a rel=\"nofollow\" href=\"..\/..\/%7Enavetier\/wp-content\/uploads\/libros\/EarthShip-VOL1.pdf\" target=\"_blank\">EarthShips vol 1 (full)<\/a><\/li>\n<li><a rel=\"nofollow\" href=\"..\/..\/%7Enavetier\/wp-content\/uploads\/libros\/EarthShip-VOL1-Cap0-1.pdf\" target=\"_blank\">EarthShips vol 1 cap 0-1<\/a><\/li>\n<li><a rel=\"nofollow\" href=\"..\/..\/%7Enavetier\/wp-content\/uploads\/libros\/EarthShip-VOL1-Cap2-3-4.pdf\" target=\"_blank\">EarthShips vol 1 cap 2-3-4<\/a><\/li>\n<li><a rel=\"nofollow\" href=\"..\/..\/%7Enavetier\/wp-content\/uploads\/libros\/EarthShip-VOL1-Cap5-6.pdf\" target=\"_blank\">EarthShips vol 1 cap 5-6<\/a><\/li>\n<li><a rel=\"nofollow\" href=\"..\/..\/%7Enavetier\/wp-content\/uploads\/libros\/EarthShip-VOL1-Cap7.pdf\" target=\"_blank\">EarthShips vol 1 cap 7<\/a><\/li>\n<li><a rel=\"nofollow\" href=\"..\/..\/%7Enavetier\/wp-content\/uploads\/libros\/EarthShip-VOL1-Cap8-9-10.pdf\" target=\"_blank\">EarthShips vol 1 cap 8-9-10<\/a><\/li>\n<\/ul>\n<ul>\n<li><a rel=\"nofollow\" href=\"..\/..\/%7Enavetier\/wp-content\/uploads\/libros\/EarthShip-VOL2.pdf\" target=\"_blank\">EarthShips vol 2 (full)<\/a><\/li>\n<li><a rel=\"nofollow\" href=\"..\/..\/%7Enavetier\/wp-content\/uploads\/libros\/EarthShip-VOL2-Cap0-1-2.pdf\" target=\"_blank\">EarthShips vol 2 cap 0-1-2 <\/a><\/li>\n<li><a rel=\"nofollow\" href=\"..\/..\/%7Enavetier\/wp-content\/uploads\/libros\/EarthShip-VOL2-Cap3-4-5.pdf\" target=\"_blank\">EarthShips vol 2 cap 3-4-5<\/a><\/li>\n<li><a rel=\"nofollow\" href=\"..\/..\/%7Enavetier\/wp-content\/uploads\/libros\/EarthShip-VOL2-Cap6-7-8.pdf\" target=\"_blank\">EarthShips vol 2 cap 6-7-8<\/a><\/li>\n<li><a rel=\"nofollow\" href=\"..\/..\/%7Enavetier\/wp-content\/uploads\/libros\/EarthShip-VOL2-Cap9-10.pdf\" target=\"_blank\">EarthShips vol 2 cap 9-10<\/a><\/li>\n<li><a rel=\"nofollow\" href=\"..\/..\/%7Enavetier\/wp-content\/uploads\/libros\/EarthShip-VOL2-Cap11-12-13.pdf\" target=\"_blank\">EarthShips vol 2 cap 11-12-13<\/a><\/li>\n<\/ul>\n<ul>\n<li><a rel=\"nofollow\" href=\"..\/..\/%7Enavetier\/wp-content\/uploads\/libros\/EarthShip-VOL3.pdf\" target=\"_blank\">EarthShips vol 3 (full)<\/a><\/li>\n<li><a rel=\"nofollow\" href=\"..\/..\/%7Enavetier\/wp-content\/uploads\/libros\/EarthShip-VOL3-Cap0-1-2.pdf\" target=\"_blank\">EarthShips vol 3 cap 0-1-2 <\/a><\/li>\n<li><a rel=\"nofollow\" href=\"..\/..\/%7Enavetier\/wp-content\/uploads\/libros\/EarthShip-VOL3-Cap3-to-7.pdf\" target=\"_blank\">EarthShips vol 3 cap 3-4-5-6-7<\/a><\/li>\n<li><a rel=\"nofollow\" href=\"..\/..\/%7Enavetier\/wp-content\/uploads\/libros\/EarthShip-VOL3-Cap8-9.pdf\" target=\"_blank\">EarthShips vol 3 cap 8-9<\/a><\/li>\n<li><a rel=\"nofollow\" href=\"..\/..\/%7Enavetier\/wp-content\/uploads\/libros\/EarthShip-VOL3-Cap10-to-13.pdf\" target=\"_blank\">EarthShips vol 3 cap 10-11-12-13<\/a><\/li>\n<\/ul>\n<p><strong>Energ\u00eda Solar Fotovoltaica<\/strong><\/p>\n<ul>\n<li><a rel=\"nofollow\" href=\"..\/..\/%7Enavetier\/wp-content\/uploads\/Celda_Solar_Casera.pdf\" target=\"_blank\">Celda solar casera<\/a><br \/>\n<span style=\"font-size: x-small;\">Describe la teor\u00eda involucrada en el funcionameintos de las distintas celdas solares y propone la fabricaci\u00f3n de las mismas en forma artesanal (en ingl\u00e9s).<\/span><\/li>\n<\/ul>\n<p><strong>Energ\u00eda Solar T\u00e9rmica<\/strong><\/p>\n<ul>\n<li><a rel=\"nofollow\" href=\"..\/..\/%7Enavetier\/wp-content\/uploads\/Concentrador Solar -Batant-v1-1-quality-70.pdf\" target=\"_blank\">Concentrador Solar Batant<\/a><br \/>\n<a rel=\"nofollow\" href=\"..\/..\/%7Enavetier\/wp-content\/uploads\/Concentrador Solar_four_helios_final.pdf\" target=\"_blank\">Concentrador Solar Four Helios<\/a><br \/>\n<span style=\"font-size: x-small;\">Planos detallados sobre como construir un concentrador solar para producir temperatura enfocando en un punto la radiaci\u00f3n recibida en una determinada superficie. (en ingl\u00e9s).<\/span><\/li>\n<li><a rel=\"nofollow\" href=\"..\/..\/%7Enavetier\/wp-content\/uploads\/Calentador_Solar_R02.pdf\" target=\"_blank\">Calentador Solar de Agua<\/a><br \/>\n<span style=\"font-size: x-small;\">Documento desarrollado por la Facultad de Arquitectura y Urbanismo de la Universidad Nacional de la Plata, que explica conceptos involucrados y detalla la fabricaci\u00f3n casera de un calentador solar de agua.<\/span><\/li>\n<\/ul>\n<p><strong>Energ\u00eda e\u00f3lica<\/strong><\/p>\n<ul>\n<li><a rel=\"nofollow\" href=\"..\/..\/%7Enavetier\/wp-content\/uploads\/Energia_eolica.pdf\" target=\"_blank\">Energ\u00eda e\u00f3lica<\/a><br \/>\n<span style=\"font-size: x-small;\">Fuentes e\u00f3licas. Fundamentos aerodin\u00e1micos de las m\u00e1quinas e\u00f3licas. M\u00e1quinas e\u00f3licas: cargas, orientaci\u00f3n y regulaci\u00f3n. Par\u00e1metros de dise\u00f1o. Parques e\u00f3licos y antecedentes de los aerogeneradores americanos. Antecedentes de los aerogeneradores europeos.<\/span><\/li>\n<li><a rel=\"nofollow\" href=\"..\/..\/%7Enavetier\/wp-content\/uploads\/Generador_Eolico_Casero.pdf\" target=\"_blank\">Generador e\u00f3lico casero<\/a><br \/>\n<span style=\"font-size: x-small;\">Describe la construcci\u00f3n de un generador e\u00f3lico de 700 W usando un alternador de un auto.<\/span><\/li>\n<li><a rel=\"nofollow\" href=\"..\/..\/%7Enavetier\/wp-content\/uploads\/Aerogenerador_hecho_en_casa.pdf\" target=\"_blank\">Generador e\u00f3lico casero 2<\/a><br \/>\n<span style=\"font-size: x-small;\">Aerogenerador de 17 pies de di\u00e1metro.<\/span><\/li>\n<li><a rel=\"nofollow\" href=\"..\/..\/%7Enavetier\/wp-content\/uploads\/Construye_un_aerogenerador_a_escala.pdf\" target=\"_blank\">Aerogenerador a escala<\/a><\/li>\n<li><a rel=\"nofollow\" href=\"..\/..\/%7Enavetier\/wp-content\/uploads\/Como_hacer_un_aerogenerador_de_10_pies.pdf\" target=\"_blank\">Turbina de 10 pies de di\u00e1metro<\/a><br \/>\n<span style=\"font-size: x-small;\">Construcci\u00f3n de una turbina de 10 pies de di\u00e1metro con veleta oscilante.<\/span><\/li>\n<\/ul>\n<p><strong>Tratamiento de Aguas<\/strong><\/p>\n<ul>\n<li><a rel=\"nofollow\" href=\"..\/..\/%7Enavetier\/wp-content\/uploads\/Recoleccion de Agua de Lluvia.pdf\" target=\"_blank\">Recolecci\u00f3n de Agua de Lluvia<\/a><br \/>\n<span style=\"font-size: x-small;\">Se describen las t\u00e9cnicas involucradas en la recolecci\u00f3n y tratamiento de agua de lluvia para uso dom\u00e9stico.<\/span><\/li>\n<li><a rel=\"nofollow\" href=\"..\/..\/%7Enavetier\/wp-content\/uploads\/ManualSES.pdf\" target=\"_blank\">Sanitario Ecol\u00f3gico Seco<\/a><br \/>\n<span style=\"font-size: x-small;\">Manual de dise\u00f1o, construcci\u00f3n, uso y mantenimiento.<\/span><\/li>\n<\/ul>\n<p class=\"contacto\"><a title=\"Quiero sumarme!\" href=\"?page_id=204\">Si te gusta el proyecto y decidis apoyarlo podes sumarte dejando tu datos aqui<\/a><\/p>\n<p><a onmouseover=\"this.href=xyz('info','navetierramdq','com.ar');\">Contacto: info(arroba)navetierramdq.com.ar<\/a><\/p>\n<p><strong><strong> <\/strong><\/strong><strong><strong> <\/strong><\/strong><strong><strong> <\/strong><\/strong><strong><strong> <\/strong><\/strong><\/p>\n","protected":false},"excerpt":{"rendered":"<p>Downloads Algunos archivos que pueden ser de tu inter\u00e9s. Bit\u00e1cora de la NaveElefanta, construcci\u00f3n de la Earthship de Ushuaia En Enero del 2014 se hizo presente en el extremo sur del continente americano Michael Reynolds y su equipo para liderar la construccion de una Earthship, junto con unas 70 personas llegadas de muchos lados del [&hellip;]<\/p>\n","protected":false},"author":1,"featured_media":0,"parent":0,"menu_order":7,"comment_status":"closed","ping_status":"open","template":"","meta":{"footnotes":""},"class_list":["post-42","page","type-page","status-publish","hentry"],"_links":{"self":[{"href":"http:\/\/www.navetierramdq.com.ar\/index.php?rest_route=\/wp\/v2\/pages\/42","targetHints":{"allow":["GET"]}}],"collection":[{"href":"http:\/\/www.navetierramdq.com.ar\/index.php?rest_route=\/wp\/v2\/pages"}],"about":[{"href":"http:\/\/www.navetierramdq.com.ar\/index.php?rest_route=\/wp\/v2\/types\/page"}],"author":[{"embeddable":true,"href":"http:\/\/www.navetierramdq.com.ar\/index.php?rest_route=\/wp\/v2\/users\/1"}],"replies":[{"embeddable":true,"href":"http:\/\/www.navetierramdq.com.ar\/index.php?rest_route=%2Fwp%2Fv2%2Fcomments&post=42"}],"version-history":[{"count":143,"href":"http:\/\/www.navetierramdq.com.ar\/index.php?rest_route=\/wp\/v2\/pages\/42\/revisions"}],"predecessor-version":[{"id":44,"href":"http:\/\/www.navetierramdq.com.ar\/index.php?rest_route=\/wp\/v2\/pages\/42\/revisions\/44"}],"wp:attachment":[{"href":"http:\/\/www.navetierramdq.com.ar\/index.php?rest_route=%2Fwp%2Fv2%2Fmedia&parent=42"}],"curies":[{"name":"wp","href":"https:\/\/api.w.org\/{rel}","templated":true}]}}