{"id":105,"date":"2010-07-28T14:58:04","date_gmt":"2010-07-28T17:58:04","guid":{"rendered":"http:\/\/66.7.198.76\/~navetier\/?page_id=105"},"modified":"2018-08-10T17:28:08","modified_gmt":"2018-08-10T20:28:08","slug":"prensa","status":"publish","type":"page","link":"https:\/\/www.navetierramdq.com.ar\/?page_id=105","title":{"rendered":"Prensa"},"content":{"rendered":"<h1>Prensa y difusi\u00f3n<\/h1>\n<p><span style=\"font-size: x-small;\">El proyecto y las Navetierras han tenido repercusion en diversos medios. Tambien hemos participado de algunos eventos para difundir las indeas que involucra. A continuaci\u00f3n algunos ejemplos:<\/span><\/p>\n<p><strong>Medios Televisivos<\/strong><\/p>\n<ul>\n<li><strong>21 de Febrero del 2015 &#8211; TV5 El Bolson &#8211; Earthship Patagonia <\/strong><\/li>\n<li><strong>21 de Marzo  del 2014 &#8211; Nota emitida en Teleocho Informa <\/strong><\/li>\n<li><strong>9 de Marzo  del 2014 &#8211; Nota en programa EcoAldea Sur<\/strong><\/li>\n<li><strong>9 de Marzo  del 2014 &#8211; Nota en TN sobre la construccion de la Navetierra de Ushuaia<\/strong><br \/>\n<a href=\"http:\/\/tn.com.ar\/sociedad\/la-nave-del-fin-del-mundo-una-casa-autosustentable_449244\">http:\/\/tn.com.ar\/sociedad\/la-nave-del-fin-del-mundo-una-casa-autosustentable_449244<\/a><\/li>\n<li><strong>13 de febrero del  2013 &#8211; Nota en vivo en \u00abMardel Directo\u00bb, Canal 8<\/strong><br \/>\n<span style=\"font-size: x-small;\">Juan, junto a la due\u00f1a de casa Rosa, nos cuentan detalles de la construcci\u00f3n del barrio Las Dalias, con conceptos de NaveTierra, hecha comunitariamente, dise\u00f1ada por Graciela Kosoblik.<\/span><\/li>\n<li><strong>9  de Abril del 2011 &#8211; Canal 10 MdP<\/strong><br \/>\nVinieron la gente del noticiero de la ciudad a consultarnos por el tema de las clasificaciones de los residuos y las formas de reciclarlos. No se lo pierdan!<\/li>\n<\/ul>\n<p><strong>Diarios<\/strong><\/p>\n<ul>\n<li> <a href=\"http:\/\/www.clarin.com\/sociedad\/Nave-Tierra-Casa-autosustentable_0_1114689013.html\" target=\"_blank\">Diario Clarin &#8211; 5\/04\/2014<br \/>\n<\/a><\/li>\n<li> <a rel=\"nofollow\" href=\"http:\/\/fido.palermo.edu\/servicios_dyc\/noticiasdc\/mas_informacion.php?utm_source=newsletter&amp;utm_medium=mail&amp;utm_campaign=PortalDC&amp;id_noticia=6370\" target=\"_blank\">Charla del Grupo NAT en la Universidad de Palermo &#8211; 1\/04\/2014<\/a><\/li>\n<li> <a href=\"http:\/\/www.lanacion.com.ar\/1664928-casas-de-basura\" target=\"_blank\">Diario La Nacion &#8211; 17\/02\/2014<br \/>\n<\/a><\/li>\n<li> <a href=\"http:\/\/www.eldiariodelfindelmundo.com\/noticias\/leer\/52429\/nave-tierra-detalles-de-la-construccion.html\" target=\"_blank\">Diario del Fin del Mundo &#8211; 20\/01\/2014<br \/>\n<\/a><\/li>\n<li> <a rel=\"nofollow\" href=\"http:\/\/www.diarioelatlantico.com\/diario\/2010\/05\/12\/11872-impulsan-la-creacion-de-una-casa-autosustentable.html\" target=\"_blank\">Diario El Atl\u00e1ntico de Mar del PLata 12\/05\/2010<\/a><\/li>\n<li> <a rel=\"nofollow\" href=\"http:\/\/www.lacapitalmdp.com\/noticias\/La-Ciudad\/2010\/04\/27\/142583.htm\" target=\"_blank\">Diario La Capital de Mar del Plata &#8211; 27\/04\/2010<\/a><\/li>\n<\/ul>\n<p><strong>Radios<\/strong><\/p>\n<ul>\n<li>Radio Provincia de Buenos Aires<br \/>\n<a rel=\"nofollow\" href=\"http:\/\/www.amprovincia.com.ar\/noticias\/detail_noticia.asp?id=20430&amp;seccion=1\" target=\"_blank\">http:\/\/www.amprovincia.com.ar\/noticias\/detail_noticia.asp?id=20430&amp;seccion=1<\/a><\/li>\n<li>FM del Sol 100.7<br \/>\nPrograma \u00abSolo Buenas\u00bb de Claudia Lopez<\/li>\n<\/ul>\n<p><strong>Blogs<\/strong><\/p>\n<ul>\n<li>Eco Mardel<br \/>\n<a rel=\"nofollow\" href=\"http:\/\/ecomardel.wordpress.com\/2010\/04\/09\/proyecto-nave-tierra-mdq\/\" target=\"_blank\">http:\/\/ecomardel.wordpress.com\/2010\/04\/09\/proyecto-nave-tierra-mdq\/<\/a><\/li>\n<li>Punto Marplatenses<br \/>\n<a rel=\"nofollow\" href=\"http:\/\/puntomarplatenses.blogspot.com\/2010\/04\/proyecto-nave-tierra-en-mar-del-plata.html\" target=\"_blank\">http:\/\/puntomarplatenses.blogspot.com\/2010\/04\/proyecto-nave-tierra-en-mar-del-plata.html<\/a><\/li>\n<li>MdP Hoy<br \/>\n<a rel=\"nofollow\" href=\"http:\/\/www.mdphoy.com\/el-proyecto-nave-tierra-llego-a-mar-del-plata-18813\/\" target=\"_blank\">http:\/\/www.mdphoy.com\/el-proyecto-nave-tierra-llego-a-mar-del-plata-18813\/<\/a><\/li>\n<li>Punto Noticias<br \/>\n<a rel=\"nofollow\" href=\"http:\/\/www.puntonoticias.com\/noticias.php?idArt=3492\" target=\"_blank\">http:\/\/www.puntonoticias.com\/noticias.php?idArt=3492<\/a><\/li>\n<li>EmturBsAs<br \/>\n<a rel=\"nofollow\" href=\"http:\/\/emturbsas.blogspot.com\/2010\/04\/promueven-la-construccion-de-una-casa.html\" target=\"_blank\">http:\/\/emturbsas.blogspot.com\/2010\/04\/promueven-la-construccion-de-una-casa.html<\/a><\/li>\n<li>Taringa<br \/>\n<a rel=\"nofollow\" href=\"http:\/\/www.taringa.net\/posts\/noticias\/5346567\/Zeitgeistmdp-promueve-proyecto-Navetierra-en-Mar-del-Plata.html\" target=\"_blank\">http:\/\/www.taringa.net\/posts\/noticias\/5346567\/Zeitgeistmdp-promueve-proyecto-Navetierra-en-Mar-del-Plata.html<\/a><\/li>\n<li>CoopeCaminantes<br \/>\n<a title=\"Cooperativa de Trabajo Caminantes\" href=\"http:\/\/www.coopecaminantes.com.ar\/\" target=\"_blank\">http:\/\/www.coopecaminantes.com.ar\/<\/a><\/li>\n<\/ul>\n<p class=\"contacto\"><a title=\"Quiero sumarme!\" href=\"?page_id=204\">Si te gusta el proyecto y decidis apoyarlo podes sumarte dejando tu datos aqui<\/a><\/p>\n<p><a onmouseover=\"this.href=xyz('info','navetierramdq','com.ar');\">Contacto: info(arroba)navetierramdq.com.ar<\/a><\/p>\n","protected":false},"excerpt":{"rendered":"<p>Prensa y difusi\u00f3n El proyecto y las Navetierras han tenido repercusion en diversos medios. Tambien hemos participado de algunos eventos para difundir las indeas que involucra. A continuaci\u00f3n algunos ejemplos: Medios Televisivos 21 de Febrero del 2015 &#8211; TV5 El Bolson &#8211; Earthship Patagonia 21 de Marzo del 2014 &#8211; Nota emitida en Teleocho Informa [&hellip;]<\/p>\n","protected":false},"author":1,"featured_media":0,"parent":0,"menu_order":6,"comment_status":"open","ping_status":"open","template":"","meta":{"footnotes":""},"class_list":["post-105","page","type-page","status-publish","hentry"],"_links":{"self":[{"href":"https:\/\/www.navetierramdq.com.ar\/index.php?rest_route=\/wp\/v2\/pages\/105","targetHints":{"allow":["GET"]}}],"collection":[{"href":"https:\/\/www.navetierramdq.com.ar\/index.php?rest_route=\/wp\/v2\/pages"}],"about":[{"href":"https:\/\/www.navetierramdq.com.ar\/index.php?rest_route=\/wp\/v2\/types\/page"}],"author":[{"embeddable":true,"href":"https:\/\/www.navetierramdq.com.ar\/index.php?rest_route=\/wp\/v2\/users\/1"}],"replies":[{"embeddable":true,"href":"https:\/\/www.navetierramdq.com.ar\/index.php?rest_route=%2Fwp%2Fv2%2Fcomments&post=105"}],"version-history":[{"count":52,"href":"https:\/\/www.navetierramdq.com.ar\/index.php?rest_route=\/wp\/v2\/pages\/105\/revisions"}],"predecessor-version":[{"id":127,"href":"https:\/\/www.navetierramdq.com.ar\/index.php?rest_route=\/wp\/v2\/pages\/105\/revisions\/127"}],"wp:attachment":[{"href":"https:\/\/www.navetierramdq.com.ar\/index.php?rest_route=%2Fwp%2Fv2%2Fmedia&parent=105"}],"curies":[{"name":"wp","href":"https:\/\/api.w.org\/{rel}","templated":true}]}}