{"id":18,"date":"2010-05-27T01:09:02","date_gmt":"2010-05-27T01:09:02","guid":{"rendered":"http:\/\/66.7.198.76\/~navetier\/?page_id=18"},"modified":"2015-12-16T22:18:37","modified_gmt":"2015-12-17T01:18:37","slug":"conceptos","status":"publish","type":"page","link":"https:\/\/www.navetierramdq.com.ar\/?page_id=18","title":{"rendered":"Conceptos"},"content":{"rendered":"<h1>Concepto de NaveTierra o EarthShip<\/h1>\n<p style=\"text-align: justify;\"><span style=\"font-size: x-small;\"> El  padre de estas originales construcciones es el arquitecto <strong>Michael  Reynolds<\/strong>, hace mas de 40 a\u00f1os que experimenta con diversas variantes  y m\u00e9todos para optimizar y adaptar este tipo de viviendas a cualquier  clima del planeta.\u00a0 En la p\u00e1gina de <a rel=\"nofollow\" href=\"http:\/\/www.earthship.net\/\" target=\"_blank\">EarthShip Biotecture<\/a>, la empresa de  Reynolds, se encuentra una gran cantidad de material sobre este tipo de  casas incluyendo,\u00a0 adem\u00e1s de im\u00e9genes y videos de sus sistemas, relatos  de experiencias y diagramas de los distintos modelos.<\/span><\/p>\n<p style=\"text-align: center;\"><span style=\"font-size: x-small;\"><a href=\"http:\/\/www.navetierramdq.com.ar\/wp-content\/uploads\/mreynolds2-1.jpg\"><img loading=\"lazy\" decoding=\"async\" class=\"size-medium wp-image-31  aligncenter\" title=\"Reynolds\" src=\"http:\/\/www.navetierramdq.com.ar\/wp-content\/uploads\/mreynolds2-1-300x131.jpg\" alt=\"\" width=\"300\" height=\"131\" srcset=\"https:\/\/www.navetierramdq.com.ar\/wp-content\/uploads\/mreynolds2-1-300x131.jpg 300w, https:\/\/www.navetierramdq.com.ar\/wp-content\/uploads\/mreynolds2-1.jpg 970w\" sizes=\"auto, (max-width: 300px) 100vw, 300px\" \/><\/a><br \/>\n<\/span><\/p>\n<p style=\"text-align: center;\"><span style=\"font-size: x-small;\"><br \/>\n<\/span><\/p>\n<p style=\"text-align: justify;\"><span style=\"font-size: x-small;\"> Un  punto fundamental es la total integraci\u00f3n de la NaveTierra con el  medioambiente en donde interact\u00faa, no representando la amenaza,  inconsciente o no, que hoy en dia constituyen los sistemas tradicionales  de los que dependen las construcciones actuales.<\/span><br \/>\n<span style=\"font-size: xx-small;\"><span style=\"font-size: x-small;\"> Uno de los conceptos m\u00e1s  innovadores que aplican estos hogares, es la utilizaci\u00f3n de la  aclimataci\u00f3n de la temperatura interior por acumulaci\u00f3n de calor en su  masa t\u00e9rmica. Esto se logra rodeando la casa de tierra en la parte  posterior y a los lados, de esta forma los rayos solares que ingresan  por el frente vidriado son \u00abacumulados\u00bb en las paredes de la misma  durante el d\u00eda y ese mismo calor es el que es irradiado al interior de  la casa manteniendo una temperatura confortable durante la noche o  durante los dias que no brilla el sol. Adem\u00e1s al estar semienterradas,  la temperatura natural de la tierra, que promedia unos 14\u00b0 C, se  trasmite a travez de las paredes hacia el interior, generando un  microclima que hace innecesaria la calefacci\u00f3n y la refrigeraci\u00f3n.<\/span><\/span><\/p>\n<p style=\"text-align: center;\"><span style=\"font-size: xx-small;\"><span style=\"font-size: x-small;\"><a href=\"http:\/\/www.navetierramdq.com.ar\/wp-content\/uploads\/esquema-de-dia.jpg\"><img loading=\"lazy\" decoding=\"async\" class=\"aligncenter size-medium wp-image-34\" title=\"Esquema de d\u00eda\" src=\"http:\/\/www.navetierramdq.com.ar\/wp-content\/uploads\/esquema-de-dia-300x199.jpg\" alt=\"\" width=\"300\" height=\"199\" srcset=\"https:\/\/www.navetierramdq.com.ar\/wp-content\/uploads\/esquema-de-dia-300x199.jpg 300w, https:\/\/www.navetierramdq.com.ar\/wp-content\/uploads\/esquema-de-dia.jpg 319w\" sizes=\"auto, (max-width: 300px) 100vw, 300px\" \/><\/a><br \/>\n<\/span><\/span><\/p>\n<p style=\"text-align: center;\"><span style=\"font-size: x-small;\"><a href=\"http:\/\/www.navetierramdq.com.ar\/wp-content\/uploads\/esquema-de-nochereducido.jpg\"><img loading=\"lazy\" decoding=\"async\" class=\"aligncenter size-medium wp-image-36\" title=\"Esquema de noche\" src=\"http:\/\/www.navetierramdq.com.ar\/wp-content\/uploads\/esquema-de-nochereducido-300x199.jpg\" alt=\"\" width=\"300\" height=\"199\" srcset=\"https:\/\/www.navetierramdq.com.ar\/wp-content\/uploads\/esquema-de-nochereducido-300x199.jpg 300w, https:\/\/www.navetierramdq.com.ar\/wp-content\/uploads\/esquema-de-nochereducido.jpg 319w\" sizes=\"auto, (max-width: 300px) 100vw, 300px\" \/><\/a><br \/>\n<\/span><\/p>\n<p style=\"text-align: center;\">\n<p style=\"text-align: justify;\"><span style=\"font-size: x-small;\"> Otro  punto destacable que aborda esta arquitectura es respecto de la  alimentaci\u00f3n de sus habitantes, para tal fin la cara de la vivienda que  da al sol, constituye un invernadero que porporciona vegetales  comestibles durante todo el a\u00f1o, ya que permite condiciones de  temperatura y humedad que favorecen su desarrollo en cualquier \u00e9poca.<\/span><\/p>\n<p style=\"text-align: center;\"><span style=\"font-size: x-small;\"><a href=\"http:\/\/www.navetierramdq.com.ar\/wp-content\/uploads\/invernadero.jpg\"><img loading=\"lazy\" decoding=\"async\" class=\"aligncenter size-medium wp-image-40\" title=\"Invernadero\" src=\"http:\/\/www.navetierramdq.com.ar\/wp-content\/uploads\/invernadero-300x200.jpg\" alt=\"\" width=\"300\" height=\"200\" srcset=\"https:\/\/www.navetierramdq.com.ar\/wp-content\/uploads\/invernadero-300x200.jpg 300w, https:\/\/www.navetierramdq.com.ar\/wp-content\/uploads\/invernadero.jpg 320w\" sizes=\"auto, (max-width: 300px) 100vw, 300px\" \/><\/a><br \/>\n<\/span><\/p>\n<p class=\"contacto\"><a title=\"Quiero sumarme!\" href=\"?page_id=204\">Si te gusta el proyecto y decidis apoyarlo podes sumarte dejando tu datos aqui<\/a><\/p>\n<p><a onmouseover=\"this.href=xyz('info','navetierramdq','com.ar');\">Contacto: info(arroba)navetierramdq.com.ar<\/a><\/p>\n","protected":false},"excerpt":{"rendered":"<p>Concepto de NaveTierra o EarthShip El padre de estas originales construcciones es el arquitecto Michael Reynolds, hace mas de 40 a\u00f1os que experimenta con diversas variantes y m\u00e9todos para optimizar y adaptar este tipo de viviendas a cualquier clima del planeta.\u00a0 En la p\u00e1gina de EarthShip Biotecture, la empresa de Reynolds, se encuentra una gran [&hellip;]<\/p>\n","protected":false},"author":1,"featured_media":0,"parent":0,"menu_order":2,"comment_status":"closed","ping_status":"open","template":"","meta":{"footnotes":""},"class_list":["post-18","page","type-page","status-publish","hentry"],"_links":{"self":[{"href":"https:\/\/www.navetierramdq.com.ar\/index.php?rest_route=\/wp\/v2\/pages\/18","targetHints":{"allow":["GET"]}}],"collection":[{"href":"https:\/\/www.navetierramdq.com.ar\/index.php?rest_route=\/wp\/v2\/pages"}],"about":[{"href":"https:\/\/www.navetierramdq.com.ar\/index.php?rest_route=\/wp\/v2\/types\/page"}],"author":[{"embeddable":true,"href":"https:\/\/www.navetierramdq.com.ar\/index.php?rest_route=\/wp\/v2\/users\/1"}],"replies":[{"embeddable":true,"href":"https:\/\/www.navetierramdq.com.ar\/index.php?rest_route=%2Fwp%2Fv2%2Fcomments&post=18"}],"version-history":[{"count":16,"href":"https:\/\/www.navetierramdq.com.ar\/index.php?rest_route=\/wp\/v2\/pages\/18\/revisions"}],"predecessor-version":[{"id":46,"href":"https:\/\/www.navetierramdq.com.ar\/index.php?rest_route=\/wp\/v2\/pages\/18\/revisions\/46"}],"wp:attachment":[{"href":"https:\/\/www.navetierramdq.com.ar\/index.php?rest_route=%2Fwp%2Fv2%2Fmedia&parent=18"}],"curies":[{"name":"wp","href":"https:\/\/api.w.org\/{rel}","templated":true}]}}